{"id":133,"date":"2025-06-24T16:46:30","date_gmt":"2025-06-24T16:46:30","guid":{"rendered":"https:\/\/fbesse.dev-campus.fr\/?page_id=133"},"modified":"2025-06-30T18:55:15","modified_gmt":"2025-06-30T18:55:15","slug":"mon-parcours","status":"publish","type":"page","link":"https:\/\/fbesse.dev-campus.fr\/?page_id=133","title":{"rendered":"Mon Parcours"},"content":{"rendered":"\t\t<div data-elementor-type=\"wp-page\" data-elementor-id=\"133\" class=\"elementor elementor-133\">\n\t\t\t\t<div class=\"elementor-element elementor-element-936cb7c e-flex e-con-boxed wpr-particle-no wpr-jarallax-no wpr-parallax-no wpr-sticky-section-no e-con e-parent\" data-id=\"936cb7c\" data-element_type=\"container\" data-e-type=\"container\">\n\t\t\t\t\t<div class=\"e-con-inner\">\n\t\t\t\t<div class=\"elementor-element elementor-element-54b694d elementor-widget elementor-widget-heading\" data-id=\"54b694d\" data-element_type=\"widget\" data-e-type=\"widget\" data-widget_type=\"heading.default\">\n\t\t\t\t<div class=\"elementor-widget-container\">\n\t\t\t\t\t<h2 class=\"elementor-heading-title elementor-size-default\">Mon Parcours<\/h2>\t\t\t\t<\/div>\n\t\t\t\t<\/div>\n\t\t\t\t\t<\/div>\n\t\t\t\t<\/div>\n\t\t<div class=\"elementor-element elementor-element-d5618aa e-flex e-con-boxed wpr-particle-no wpr-jarallax-no wpr-parallax-no wpr-sticky-section-no e-con e-parent\" data-id=\"d5618aa\" data-element_type=\"container\" data-e-type=\"container\">\n\t\t\t\t\t<div class=\"e-con-inner\">\n\t\t\t\t<div class=\"elementor-element elementor-element-950d31f wpr-list-style-none elementor-widget elementor-widget-wpr-posts-timeline\" data-id=\"950d31f\" data-element_type=\"widget\" data-e-type=\"widget\" data-settings=\"{&quot;animation_offset&quot;:150,&quot;aos_animation_duration&quot;:600}\" data-widget_type=\"wpr-posts-timeline.default\">\n\t\t\t\t<div class=\"elementor-widget-container\">\n\t\t\t\t\t\n\t\t<div class=\"wpr-wrapper wpr-vertical wpr-centered\">\n\t\t\t<div class=\"wpr-timeline-centered wpr-line wpr-both-sided-timeline\"><div class=\"wpr-middle-line\"><\/div><div class=\"wpr-timeline-fill\" data-layout=\"centered\"><\/div><span class=\"wpr-year-wrap\"><span class=\"wpr-year-label wpr-year\">2021<\/span><\/span><article class=\"wpr-timeline-entry wpr-left-aligned elementor-repeater-item-8c960f0\" data-item-id=\"elementor-repeater-item-8c960f0\"><time class=\"wpr-extra-label\" data-aos=\"fade\" data-aos-left=\"\" data-aos-right=\"\" data-animation-offset=\"150\" data-animation-duration=\"600\"><span class=\"wpr-label\">2020 - 2021<\/span><span class=\"wpr-sub-label\">Lyc\u00e9e Balzac D'alembert - Issoudun<\/span><\/time><div class=\"wpr-timeline-entry-inner\"><div class=\"wpr-main-line-icon wpr-icon\"><\/div><div class=\"wpr-story-info-vertical wpr-data-wrap \"  data-aos=\"fade\" data-aos-left=\"\" data-aos-right=\"\" data-animation-offset=\"150\" data-animation-duration=\"600\"><div class=\"wpr-animation-wrap wpr-timeline-media\"><img fetchpriority=\"high\" decoding=\"async\" width=\"620\" height=\"298\" src=\"https:\/\/fbesse.dev-campus.fr\/wp-content\/uploads\/2025\/06\/Lycee-balzac.jpg\" class=\"attachment-full size-full\" alt=\"\" srcset=\"https:\/\/fbesse.dev-campus.fr\/wp-content\/uploads\/2025\/06\/Lycee-balzac.jpg 620w, https:\/\/fbesse.dev-campus.fr\/wp-content\/uploads\/2025\/06\/Lycee-balzac-300x144.jpg 300w\" sizes=\"(max-width: 620px) 100vw, 620px\" \/><\/div><div class=\"wpr-timeline-content-wrapper\"><div class=\"wpr-content-wrapper\"><p class=\"wpr-title-wrap\"><span class=\"wpr-title\">Bac G\u00e9n\u00e9ral<\/span><\/p><div class=\"wpr-description\"><p>Sp\u00e9cialiter SVT et hysique Chimie avec les math\u00e9matiques compl\u00e9mentaires<\/p><\/div><\/div><\/div><\/div>\n\t\t\t\t\t\t<\/div>\n\t\t\t\t<\/article><article class=\"wpr-timeline-entry wpr-right-aligned elementor-repeater-item-e8d4b3e\" data-item-id=\"elementor-repeater-item-e8d4b3e\"><time class=\"wpr-extra-label\" data-aos=\"fade\" data-aos-left=\"\" data-aos-right=\"\" data-animation-offset=\"150\" data-animation-duration=\"600\"><span class=\"wpr-label\">2021 - 2023<\/span><span class=\"wpr-sub-label\">Tours Sud<\/span><\/time><div class=\"wpr-timeline-entry-inner\"><div class=\"wpr-main-line-icon wpr-icon\"><\/div><div class=\"wpr-story-info-vertical wpr-data-wrap \"  data-aos=\"fade\" data-aos-left=\"\" data-aos-right=\"\" data-animation-offset=\"150\" data-animation-duration=\"600\"><div class=\"wpr-animation-wrap wpr-timeline-media\"><img decoding=\"async\" width=\"1200\" height=\"680\" src=\"https:\/\/fbesse.dev-campus.fr\/wp-content\/uploads\/2025\/06\/FAC-Tours.jpg\" class=\"attachment-full size-full\" alt=\"\" srcset=\"https:\/\/fbesse.dev-campus.fr\/wp-content\/uploads\/2025\/06\/FAC-Tours.jpg 1200w, https:\/\/fbesse.dev-campus.fr\/wp-content\/uploads\/2025\/06\/FAC-Tours-300x170.jpg 300w, https:\/\/fbesse.dev-campus.fr\/wp-content\/uploads\/2025\/06\/FAC-Tours-1024x580.jpg 1024w, https:\/\/fbesse.dev-campus.fr\/wp-content\/uploads\/2025\/06\/FAC-Tours-768x435.jpg 768w\" sizes=\"(max-width: 1200px) 100vw, 1200px\" \/><\/div><div class=\"wpr-timeline-content-wrapper\"><div class=\"wpr-content-wrapper\"><p class=\"wpr-title-wrap\"><span class=\"wpr-title\">Universit\u00e9 de Tours<\/span><\/p><div class=\"wpr-description\"><p>Licence en Science de la vie\u00a0<\/p><\/div><\/div><\/div><\/div>\n\t\t\t\t\t\t<\/div>\n\t\t\t\t<\/article><article class=\"wpr-timeline-entry wpr-left-aligned elementor-repeater-item-a4b8718\" data-item-id=\"elementor-repeater-item-a4b8718\"><time class=\"wpr-extra-label\" data-aos=\"fade\" data-aos-left=\"\" data-aos-right=\"\" data-animation-offset=\"150\" data-animation-duration=\"600\"><span class=\"wpr-label\">2023 - 2024<\/span><span class=\"wpr-sub-label\">CCI Campus Centre - Ch\u00e2teauroux<\/span><\/time><div class=\"wpr-timeline-entry-inner\"><div class=\"wpr-main-line-icon wpr-icon\"><\/div><div class=\"wpr-story-info-vertical wpr-data-wrap \"  data-aos=\"fade\" data-aos-left=\"\" data-aos-right=\"\" data-animation-offset=\"150\" data-animation-duration=\"600\"><div class=\"wpr-animation-wrap wpr-timeline-media\"><img decoding=\"async\" width=\"1024\" height=\"683\" src=\"https:\/\/fbesse.dev-campus.fr\/wp-content\/uploads\/2025\/06\/CCICAMPUSCENTRE.jpg\" class=\"attachment-full size-full\" alt=\"\" srcset=\"https:\/\/fbesse.dev-campus.fr\/wp-content\/uploads\/2025\/06\/CCICAMPUSCENTRE.jpg 1024w, https:\/\/fbesse.dev-campus.fr\/wp-content\/uploads\/2025\/06\/CCICAMPUSCENTRE-300x200.jpg 300w, https:\/\/fbesse.dev-campus.fr\/wp-content\/uploads\/2025\/06\/CCICAMPUSCENTRE-768x512.jpg 768w\" sizes=\"(max-width: 1024px) 100vw, 1024px\" \/><\/div><div class=\"wpr-timeline-content-wrapper\"><div class=\"wpr-content-wrapper\"><p class=\"wpr-title-wrap\"><span class=\"wpr-title\">Formation de niveau Bac +2<\/span><\/p><div class=\"wpr-description\"><p>Titre de Technicien Sup\u00e9rieur Syst\u00e8me et R\u00e9seau (TSSR)<\/p><\/div><\/div><\/div><\/div>\n\t\t\t\t\t\t<\/div>\n\t\t\t\t<\/article><article class=\"wpr-timeline-entry wpr-right-aligned elementor-repeater-item-ac61cbc\" data-item-id=\"elementor-repeater-item-ac61cbc\"><time class=\"wpr-extra-label\" data-aos=\"fade\" data-aos-left=\"\" data-aos-right=\"\" data-animation-offset=\"150\" data-animation-duration=\"600\"><span class=\"wpr-label\">2024 - 2026<\/span><span class=\"wpr-sub-label\">CCI Campus Centre - Ch\u00e2teauroux<\/span><\/time><div class=\"wpr-timeline-entry-inner\"><div class=\"wpr-main-line-icon wpr-icon\"><\/div><div class=\"wpr-story-info-vertical wpr-data-wrap \"  data-aos=\"fade\" data-aos-left=\"\" data-aos-right=\"\" data-animation-offset=\"150\" data-animation-duration=\"600\"><div class=\"wpr-animation-wrap wpr-timeline-media\"><img decoding=\"async\" width=\"1024\" height=\"683\" src=\"https:\/\/fbesse.dev-campus.fr\/wp-content\/uploads\/2025\/06\/CCICAMPUSCENTRE.jpg\" class=\"attachment-full size-full\" alt=\"\" srcset=\"https:\/\/fbesse.dev-campus.fr\/wp-content\/uploads\/2025\/06\/CCICAMPUSCENTRE.jpg 1024w, https:\/\/fbesse.dev-campus.fr\/wp-content\/uploads\/2025\/06\/CCICAMPUSCENTRE-300x200.jpg 300w, https:\/\/fbesse.dev-campus.fr\/wp-content\/uploads\/2025\/06\/CCICAMPUSCENTRE-768x512.jpg 768w\" sizes=\"(max-width: 1024px) 100vw, 1024px\" \/><\/div><div class=\"wpr-timeline-content-wrapper\"><div class=\"wpr-content-wrapper\"><p class=\"wpr-title-wrap\"><span class=\"wpr-title\">BTS SIO<\/span><\/p><div class=\"wpr-description\"><p>Sp\u00e9cialisation en Solution d'Infrastructure Syst\u00e8me et R\u00e9seau (SISR)<\/p><\/div><\/div><\/div><\/div>\n\t\t\t\t\t\t<\/div>\n\t\t\t\t<\/article><\/div>    \n\t\t\t<\/div>\t\t\t\t<\/div>\n\t\t\t\t<\/div>\n\t\t\t\t\t<\/div>\n\t\t\t\t<\/div>\n\t\t<div class=\"elementor-element elementor-element-964dd67 e-flex e-con-boxed wpr-particle-no wpr-jarallax-no wpr-parallax-no wpr-sticky-section-no e-con e-parent\" data-id=\"964dd67\" data-element_type=\"container\" data-e-type=\"container\">\n\t\t\t\t\t<div class=\"e-con-inner\">\n\t\t\t\t<div class=\"elementor-element elementor-element-fe3844f elementor-widget elementor-widget-heading\" data-id=\"fe3844f\" data-element_type=\"widget\" data-e-type=\"widget\" data-widget_type=\"heading.default\">\n\t\t\t\t<div class=\"elementor-widget-container\">\n\t\t\t\t\t<h2 class=\"elementor-heading-title elementor-size-default\">Exp\u00e9rience professionnelle<\/h2>\t\t\t\t<\/div>\n\t\t\t\t<\/div>\n\t\t\t\t\t<\/div>\n\t\t\t\t<\/div>\n\t\t<div class=\"elementor-element elementor-element-513ab4f e-flex e-con-boxed wpr-particle-no wpr-jarallax-no wpr-parallax-no wpr-sticky-section-no e-con e-parent\" data-id=\"513ab4f\" data-element_type=\"container\" data-e-type=\"container\">\n\t\t\t\t\t<div class=\"e-con-inner\">\n\t\t<div class=\"elementor-element elementor-element-a2d9a39 e-con-full e-flex wpr-particle-no wpr-jarallax-no wpr-parallax-no wpr-sticky-section-no e-con e-child\" data-id=\"a2d9a39\" data-element_type=\"container\" data-e-type=\"container\">\n\t\t\t\t<div class=\"elementor-element elementor-element-da9ddbe elementor-widget elementor-widget-heading\" data-id=\"da9ddbe\" data-element_type=\"widget\" data-e-type=\"widget\" data-widget_type=\"heading.default\">\n\t\t\t\t<div class=\"elementor-widget-container\">\n\t\t\t\t\t<h2 class=\"elementor-heading-title elementor-size-default\">Stage : AIV<\/h2>\t\t\t\t<\/div>\n\t\t\t\t<\/div>\n\t\t\t\t<div class=\"elementor-element elementor-element-75f4c1a elementor-widget elementor-widget-text-editor\" data-id=\"75f4c1a\" data-element_type=\"widget\" data-e-type=\"widget\" data-widget_type=\"text-editor.default\">\n\t\t\t\t<div class=\"elementor-widget-container\">\n\t\t\t\t\t\t\t\t\t<p>Dans le cadre de ma formation TSSR j&rsquo;ai du faire un stage de 2 mois que j&rsquo;ai r\u00e9alis\u00e9 dans une boutique d&rsquo;informatique, les missions qui m&rsquo;avaient \u00e9t\u00e9 donn\u00e9 \u00e9taient : Conception du r\u00e9seaux de l&rsquo;entreprise, assistance utilisateurs, maintenance informatique (r\u00e9paration d&rsquo;ordinateur)<\/p>\t\t\t\t\t\t\t\t<\/div>\n\t\t\t\t<\/div>\n\t\t\t\t<\/div>\n\t\t<div class=\"elementor-element elementor-element-cb23fef e-con-full e-flex wpr-particle-no wpr-jarallax-no wpr-parallax-no wpr-sticky-section-no e-con e-child\" data-id=\"cb23fef\" data-element_type=\"container\" data-e-type=\"container\">\n\t\t\t\t<div class=\"elementor-element elementor-element-1bc767d elementor-widget elementor-widget-heading\" data-id=\"1bc767d\" data-element_type=\"widget\" data-e-type=\"widget\" data-widget_type=\"heading.default\">\n\t\t\t\t<div class=\"elementor-widget-container\">\n\t\t\t\t\t<h2 class=\"elementor-heading-title elementor-size-default\"><h2 data-elementor-setting-key=\"title\" data-pen-placeholder=\"\u00c9crivez ici...\" style=\"font-family: Roboto, sans-serif;font-weight: 600\">Alternance : CERFRANCE Indre<span style=\"font-size: 2rem\"><\/span><\/h2><\/h2>\t\t\t\t<\/div>\n\t\t\t\t<\/div>\n\t\t\t\t<div class=\"elementor-element elementor-element-7e874d5 elementor-widget elementor-widget-text-editor\" data-id=\"7e874d5\" data-element_type=\"widget\" data-e-type=\"widget\" data-widget_type=\"text-editor.default\">\n\t\t\t\t<div class=\"elementor-widget-container\">\n\t\t\t\t\t\t\t\t\t<p>Dans le cadre de mon BTS je fais une alternance en tant que technicien informatique et j&rsquo;ai comme pour mission de : Faire la migration de windows 10 \u00e0 windows 11 de tout les PC, de trouv\u00e9 une solutions de supervision pour nos mat\u00e9riels r\u00e9seau, de la gestion des ordinateurs et de l&rsquo;inventaires complets des ordinateurs (Savoir ceux qui sont disponible, ceux en r\u00e9paration ou ceux en Pi\u00e8ce d\u00e9tacher).<\/p>\t\t\t\t\t\t\t\t<\/div>\n\t\t\t\t<\/div>\n\t\t\t\t<\/div>\n\t\t\t\t\t<\/div>\n\t\t\t\t<\/div>\n\t\t\t\t<\/div>\n\t\t","protected":false},"excerpt":{"rendered":"<p>Mon Parcours 2021 2020 &#8211; 2021Lyc\u00e9e Balzac D&rsquo;alembert &#8211; Issoudun Bac G\u00e9n\u00e9ral Sp\u00e9cialiter SVT et hysique Chimie avec les math\u00e9matiques compl\u00e9mentaires 2021 &#8211; 2023Tours Sud Universit\u00e9 de Tours Licence en Science de la vie\u00a0 2023 &#8211; 2024CCI Campus Centre &#8211; Ch\u00e2teauroux Formation de niveau Bac +2 Titre de Technicien Sup\u00e9rieur Syst\u00e8me et R\u00e9seau (TSSR) 2024 &#8211; 2026CCI Campus Centre &#8211; Ch\u00e2teauroux BTS SIO Sp\u00e9cialisation en Solution d&rsquo;Infrastructure Syst\u00e8me et R\u00e9seau (SISR) Exp\u00e9rience professionnelle Stage : AIV Dans le cadre de ma formation TSSR j&rsquo;ai du faire un stage de 2 mois que j&rsquo;ai r\u00e9alis\u00e9 dans une boutique d&rsquo;informatique, les missions qui m&rsquo;avaient \u00e9t\u00e9 donn\u00e9 \u00e9taient : Conception du r\u00e9seaux de l&rsquo;entreprise, assistance utilisateurs, maintenance informatique (r\u00e9paration d&rsquo;ordinateur) Alternance : CERFRANCE Indre Dans le cadre de mon BTS je fais une alternance en tant que technicien informatique et j&rsquo;ai comme pour mission de : Faire la migration de windows 10 \u00e0 windows 11 de tout les PC, de trouv\u00e9 une solutions de supervision pour nos mat\u00e9riels r\u00e9seau, de la gestion des ordinateurs et de l&rsquo;inventaires complets des ordinateurs (Savoir ceux qui sont disponible, ceux en r\u00e9paration ou ceux en Pi\u00e8ce d\u00e9tacher).<\/p>\n","protected":false},"author":1,"featured_media":0,"parent":112,"menu_order":0,"comment_status":"closed","ping_status":"closed","template":"elementor_canvas","meta":{"footnotes":""},"class_list":["post-133","page","type-page","status-publish","hentry"],"_links":{"self":[{"href":"https:\/\/fbesse.dev-campus.fr\/index.php?rest_route=\/wp\/v2\/pages\/133","targetHints":{"allow":["GET"]}}],"collection":[{"href":"https:\/\/fbesse.dev-campus.fr\/index.php?rest_route=\/wp\/v2\/pages"}],"about":[{"href":"https:\/\/fbesse.dev-campus.fr\/index.php?rest_route=\/wp\/v2\/types\/page"}],"author":[{"embeddable":true,"href":"https:\/\/fbesse.dev-campus.fr\/index.php?rest_route=\/wp\/v2\/users\/1"}],"replies":[{"embeddable":true,"href":"https:\/\/fbesse.dev-campus.fr\/index.php?rest_route=%2Fwp%2Fv2%2Fcomments&post=133"}],"version-history":[{"count":11,"href":"https:\/\/fbesse.dev-campus.fr\/index.php?rest_route=\/wp\/v2\/pages\/133\/revisions"}],"predecessor-version":[{"id":350,"href":"https:\/\/fbesse.dev-campus.fr\/index.php?rest_route=\/wp\/v2\/pages\/133\/revisions\/350"}],"up":[{"embeddable":true,"href":"https:\/\/fbesse.dev-campus.fr\/index.php?rest_route=\/wp\/v2\/pages\/112"}],"wp:attachment":[{"href":"https:\/\/fbesse.dev-campus.fr\/index.php?rest_route=%2Fwp%2Fv2%2Fmedia&parent=133"}],"curies":[{"name":"wp","href":"https:\/\/api.w.org\/{rel}","templated":true}]}}