{"id":141,"date":"2025-06-24T17:09:49","date_gmt":"2025-06-24T17:09:49","guid":{"rendered":"https:\/\/fbesse.dev-campus.fr\/?page_id=141"},"modified":"2025-06-30T12:51:33","modified_gmt":"2025-06-30T12:51:33","slug":"mon-entreprise","status":"publish","type":"page","link":"https:\/\/fbesse.dev-campus.fr\/?page_id=141","title":{"rendered":"Mon entreprise"},"content":{"rendered":"\t\t<div data-elementor-type=\"wp-page\" data-elementor-id=\"141\" class=\"elementor elementor-141\">\n\t\t\t\t<div class=\"elementor-element elementor-element-3c97c25 e-flex e-con-boxed wpr-particle-no wpr-jarallax-no wpr-parallax-no wpr-sticky-section-no e-con e-parent\" data-id=\"3c97c25\" data-element_type=\"container\" data-e-type=\"container\">\n\t\t\t\t\t<div class=\"e-con-inner\">\n\t\t\t\t<div class=\"elementor-element elementor-element-0cc119e elementor-widget elementor-widget-heading\" data-id=\"0cc119e\" data-element_type=\"widget\" data-e-type=\"widget\" data-widget_type=\"heading.default\">\n\t\t\t\t<div class=\"elementor-widget-container\">\n\t\t\t\t\t<h2 class=\"elementor-heading-title elementor-size-default\">Mon entreprise<\/h2>\t\t\t\t<\/div>\n\t\t\t\t<\/div>\n\t\t\t\t<div class=\"elementor-element elementor-element-3f2f76b elementor-widget-divider--view-line elementor-widget elementor-widget-divider\" data-id=\"3f2f76b\" data-element_type=\"widget\" data-e-type=\"widget\" data-widget_type=\"divider.default\">\n\t\t\t\t<div class=\"elementor-widget-container\">\n\t\t\t\t\t\t\t<div class=\"elementor-divider\">\n\t\t\t<span class=\"elementor-divider-separator\">\n\t\t\t\t\t\t<\/span>\n\t\t<\/div>\n\t\t\t\t\t\t<\/div>\n\t\t\t\t<\/div>\n\t\t\t\t\t<\/div>\n\t\t\t\t<\/div>\n\t\t<div class=\"elementor-element elementor-element-c025f0e e-flex e-con-boxed wpr-particle-no wpr-jarallax-no wpr-parallax-no wpr-sticky-section-no e-con e-parent\" data-id=\"c025f0e\" data-element_type=\"container\" data-e-type=\"container\">\n\t\t\t\t\t<div class=\"e-con-inner\">\n\t\t<div class=\"elementor-element elementor-element-ff89ecb e-con-full e-flex wpr-particle-no wpr-jarallax-no wpr-parallax-no wpr-sticky-section-no e-con e-child\" data-id=\"ff89ecb\" data-element_type=\"container\" data-e-type=\"container\">\n\t\t\t\t<div class=\"elementor-element elementor-element-ce31bca elementor-widget elementor-widget-heading\" data-id=\"ce31bca\" data-element_type=\"widget\" data-e-type=\"widget\" data-widget_type=\"heading.default\">\n\t\t\t\t<div class=\"elementor-widget-container\">\n\t\t\t\t\t<h2 class=\"elementor-heading-title elementor-size-default\">Pr\u00e9sentation du CERFRANCE Indre<\/h2>\t\t\t\t<\/div>\n\t\t\t\t<\/div>\n\t\t\t\t<div class=\"elementor-element elementor-element-dd91ee4 elementor-widget elementor-widget-text-editor\" data-id=\"dd91ee4\" data-element_type=\"widget\" data-e-type=\"widget\" data-widget_type=\"text-editor.default\">\n\t\t\t\t<div class=\"elementor-widget-container\">\n\t\t\t\t\t\t\t\t\t<p>Le CERFRANCE Indre est une entreprise est un cabinet comptable situ\u00e9 dans le d\u00e9partement de l&rsquo;Indre (36), elle comptabilise en tout 9 agences dans tous le d\u00e9partements : Buzan\u00e7ais, Valen\u00e7ay, La Ch\u00e2tre, Issoudun, Ch\u00e2teauroux (Rond point de la pr\u00e9fecture), Ch\u00e2teauroux (Rue des Ingrains), Ch\u00e2teauroux (Si\u00e8ge, Rue Oscar Niemeyer), La Blanc et Argenton-sur-Creuse. Cr\u00e9e en 1976, le CERFRANCE Indre comptabilise \u00e0 l&rsquo;heure actuelle environ 130 collaborateurs. Cette entreprise est sp\u00e9cialis\u00e9 dans la comptabilit\u00e9 pour les artisans mais aussi pour les entreprises agricoles, elle accompagne aussi les personnes pour la cr\u00e9ation d&rsquo;entreprises, la d\u00e9velopper et aussi gard\u00e9 une p\u00e9rinit\u00e9. Cette entreprise est bien plus qu&rsquo;un cabinet comptable, c&rsquo;est un accompagnateur d&rsquo;entreprise.<\/p>\t\t\t\t\t\t\t\t<\/div>\n\t\t\t\t<\/div>\n\t\t\t\t<\/div>\n\t\t<div class=\"elementor-element elementor-element-aae339b e-con-full e-flex wpr-particle-no wpr-jarallax-no wpr-parallax-no wpr-sticky-section-no e-con e-child\" data-id=\"aae339b\" data-element_type=\"container\" data-e-type=\"container\">\n\t\t\t\t<div class=\"elementor-element elementor-element-aab565a elementor-widget elementor-widget-image\" data-id=\"aab565a\" data-element_type=\"widget\" data-e-type=\"widget\" data-widget_type=\"image.default\">\n\t\t\t\t<div class=\"elementor-widget-container\">\n\t\t\t\t\t\t\t\t\t\t\t\t\t\t\t<img fetchpriority=\"high\" decoding=\"async\" width=\"1189\" height=\"736\" src=\"https:\/\/fbesse.dev-campus.fr\/wp-content\/uploads\/2025\/06\/CERINDRE.jpg\" class=\"attachment-full size-full wp-image-256\" alt=\"\" srcset=\"https:\/\/fbesse.dev-campus.fr\/wp-content\/uploads\/2025\/06\/CERINDRE.jpg 1189w, https:\/\/fbesse.dev-campus.fr\/wp-content\/uploads\/2025\/06\/CERINDRE-300x186.jpg 300w, https:\/\/fbesse.dev-campus.fr\/wp-content\/uploads\/2025\/06\/CERINDRE-1024x634.jpg 1024w, https:\/\/fbesse.dev-campus.fr\/wp-content\/uploads\/2025\/06\/CERINDRE-768x475.jpg 768w\" sizes=\"(max-width: 1189px) 100vw, 1189px\" \/>\t\t\t\t\t\t\t\t\t\t\t\t\t\t\t<\/div>\n\t\t\t\t<\/div>\n\t\t\t\t<div class=\"elementor-element elementor-element-e7b6e4d elementor-widget elementor-widget-heading\" data-id=\"e7b6e4d\" data-element_type=\"widget\" data-e-type=\"widget\" data-widget_type=\"heading.default\">\n\t\t\t\t<div class=\"elementor-widget-container\">\n\t\t\t\t\t<h2 class=\"elementor-heading-title elementor-size-default\">CERFRANCE Indre (Si\u00e8ge)<\/h2>\t\t\t\t<\/div>\n\t\t\t\t<\/div>\n\t\t\t\t<\/div>\n\t\t\t\t\t<\/div>\n\t\t\t\t<\/div>\n\t\t<div class=\"elementor-element elementor-element-b40f726 e-flex e-con-boxed wpr-particle-no wpr-jarallax-no wpr-parallax-no wpr-sticky-section-no e-con e-parent\" data-id=\"b40f726\" data-element_type=\"container\" data-e-type=\"container\">\n\t\t\t\t\t<div class=\"e-con-inner\">\n\t\t<div class=\"elementor-element elementor-element-2795b8d e-con-full e-flex wpr-particle-no wpr-jarallax-no wpr-parallax-no wpr-sticky-section-no e-con e-child\" data-id=\"2795b8d\" data-element_type=\"container\" data-e-type=\"container\">\n\t\t\t\t<div class=\"elementor-element elementor-element-398a74d elementor-widget elementor-widget-image\" data-id=\"398a74d\" data-element_type=\"widget\" data-e-type=\"widget\" data-widget_type=\"image.default\">\n\t\t\t\t<div class=\"elementor-widget-container\">\n\t\t\t\t\t\t\t\t\t\t\t\t\t\t\t<img decoding=\"async\" width=\"875\" height=\"1024\" src=\"https:\/\/fbesse.dev-campus.fr\/wp-content\/uploads\/2025\/06\/Logo-CER-875x1024.jpg\" class=\"attachment-large size-large wp-image-257\" alt=\"\" srcset=\"https:\/\/fbesse.dev-campus.fr\/wp-content\/uploads\/2025\/06\/Logo-CER-875x1024.jpg 875w, https:\/\/fbesse.dev-campus.fr\/wp-content\/uploads\/2025\/06\/Logo-CER-256x300.jpg 256w, https:\/\/fbesse.dev-campus.fr\/wp-content\/uploads\/2025\/06\/Logo-CER-768x899.jpg 768w, https:\/\/fbesse.dev-campus.fr\/wp-content\/uploads\/2025\/06\/Logo-CER-1313x1536.jpg 1313w, https:\/\/fbesse.dev-campus.fr\/wp-content\/uploads\/2025\/06\/Logo-CER.jpg 1715w\" sizes=\"(max-width: 875px) 100vw, 875px\" \/>\t\t\t\t\t\t\t\t\t\t\t\t\t\t\t<\/div>\n\t\t\t\t<\/div>\n\t\t\t\t<div class=\"elementor-element elementor-element-cb8e09a elementor-widget elementor-widget-heading\" data-id=\"cb8e09a\" data-element_type=\"widget\" data-e-type=\"widget\" data-widget_type=\"heading.default\">\n\t\t\t\t<div class=\"elementor-widget-container\">\n\t\t\t\t\t<h2 class=\"elementor-heading-title elementor-size-default\">Logo CERFRANCE Indre<\/h2>\t\t\t\t<\/div>\n\t\t\t\t<\/div>\n\t\t\t\t<\/div>\n\t\t<div class=\"elementor-element elementor-element-4738d17 e-con-full e-flex wpr-particle-no wpr-jarallax-no wpr-parallax-no wpr-sticky-section-no e-con e-child\" data-id=\"4738d17\" data-element_type=\"container\" data-e-type=\"container\">\n\t\t\t\t<div class=\"elementor-element elementor-element-3b4a3f9 elementor-widget elementor-widget-heading\" data-id=\"3b4a3f9\" data-element_type=\"widget\" data-e-type=\"widget\" data-widget_type=\"heading.default\">\n\t\t\t\t<div class=\"elementor-widget-container\">\n\t\t\t\t\t<h2 class=\"elementor-heading-title elementor-size-default\">Ce que je fais dans le service<\/h2>\t\t\t\t<\/div>\n\t\t\t\t<\/div>\n\t\t\t\t<div class=\"elementor-element elementor-element-7153881 elementor-widget elementor-widget-text-editor\" data-id=\"7153881\" data-element_type=\"widget\" data-e-type=\"widget\" data-widget_type=\"text-editor.default\">\n\t\t\t\t<div class=\"elementor-widget-container\">\n\t\t\t\t\t\t\t\t\t<p>Mon r\u00f4le au sein de ce service est de maintenir le SI \u00e0 jour et s\u00e9curis\u00e9, veiller au bon fonctionnement du parc informatique, v\u00e9rifier la conformiter du parc, trouv\u00e9 et test\u00e9 de nouvelle solution pour l&rsquo;am\u00e9lioration du parc tout en r\u00e9pondant \u00e0 nos besoins mais aussi de faire de l&rsquo;assistance utilisateur. lors de ma p\u00e9riode d&rsquo;entreprise j&rsquo;ai eu comme mission : De faire la migration de windows 10 \u00e0 windows 11 de tout les PC, de trouv\u00e9 une solutions de supervision pour nos mat\u00e9riels r\u00e9seau, de la gestion des ordinateurs et de l&rsquo;inventaires complets des ordinateurs (Savoir ceux qui sont disponible, ceux en r\u00e9paration ou ceux en Pi\u00e8ce d\u00e9tacher).<\/p>\t\t\t\t\t\t\t\t<\/div>\n\t\t\t\t<\/div>\n\t\t\t\t<\/div>\n\t\t\t\t\t<\/div>\n\t\t\t\t<\/div>\n\t\t<div class=\"elementor-element elementor-element-cc68a61 e-flex e-con-boxed wpr-particle-no wpr-jarallax-no wpr-parallax-no wpr-sticky-section-no e-con e-parent\" data-id=\"cc68a61\" data-element_type=\"container\" data-e-type=\"container\">\n\t\t\t\t\t<div class=\"e-con-inner\">\n\t\t\t\t<div class=\"elementor-element elementor-element-11fe300 elementor-widget-divider--view-line elementor-widget elementor-widget-divider\" data-id=\"11fe300\" data-element_type=\"widget\" data-e-type=\"widget\" data-widget_type=\"divider.default\">\n\t\t\t\t<div class=\"elementor-widget-container\">\n\t\t\t\t\t\t\t<div class=\"elementor-divider\">\n\t\t\t<span class=\"elementor-divider-separator\">\n\t\t\t\t\t\t<\/span>\n\t\t<\/div>\n\t\t\t\t\t\t<\/div>\n\t\t\t\t<\/div>\n\t\t\t\t<div class=\"elementor-element elementor-element-0989fc5 elementor-widget elementor-widget-google_maps\" data-id=\"0989fc5\" data-element_type=\"widget\" data-e-type=\"widget\" data-widget_type=\"google_maps.default\">\n\t\t\t\t<div class=\"elementor-widget-container\">\n\t\t\t\t\t\t\t<div class=\"elementor-custom-embed\">\n\t\t\t<iframe loading=\"lazy\"\n\t\t\t\t\tsrc=\"https:\/\/maps.google.com\/maps?q=20%20rue%20Oscar%20Niemeyer%20Chateauroux&#038;t=m&#038;z=10&#038;output=embed&#038;iwloc=near\"\n\t\t\t\t\ttitle=\"20 rue Oscar Niemeyer Chateauroux\"\n\t\t\t\t\taria-label=\"20 rue Oscar Niemeyer Chateauroux\"\n\t\t\t><\/iframe>\n\t\t<\/div>\n\t\t\t\t\t\t<\/div>\n\t\t\t\t<\/div>\n\t\t\t\t\t<\/div>\n\t\t\t\t<\/div>\n\t\t\t\t<\/div>\n\t\t","protected":false},"excerpt":{"rendered":"<p>Mon entreprise Pr\u00e9sentation du CERFRANCE Indre Le CERFRANCE Indre est une entreprise est un cabinet comptable situ\u00e9 dans le d\u00e9partement de l&rsquo;Indre (36), elle comptabilise en tout 9 agences dans tous le d\u00e9partements : Buzan\u00e7ais, Valen\u00e7ay, La Ch\u00e2tre, Issoudun, Ch\u00e2teauroux (Rond point de la pr\u00e9fecture), Ch\u00e2teauroux (Rue des Ingrains), Ch\u00e2teauroux (Si\u00e8ge, Rue Oscar Niemeyer), La Blanc et Argenton-sur-Creuse. Cr\u00e9e en 1976, le CERFRANCE Indre comptabilise \u00e0 l&rsquo;heure actuelle environ 130 collaborateurs. Cette entreprise est sp\u00e9cialis\u00e9 dans la comptabilit\u00e9 pour les artisans mais aussi pour les entreprises agricoles, elle accompagne aussi les personnes pour la cr\u00e9ation d&rsquo;entreprises, la d\u00e9velopper et aussi gard\u00e9 une p\u00e9rinit\u00e9. Cette entreprise est bien plus qu&rsquo;un cabinet comptable, c&rsquo;est un accompagnateur d&rsquo;entreprise. CERFRANCE Indre (Si\u00e8ge) Logo CERFRANCE Indre Ce que je fais dans le service Mon r\u00f4le au sein de ce service est de maintenir le SI \u00e0 jour et s\u00e9curis\u00e9, veiller au bon fonctionnement du parc informatique, v\u00e9rifier la conformiter du parc, trouv\u00e9 et test\u00e9 de nouvelle solution pour l&rsquo;am\u00e9lioration du parc tout en r\u00e9pondant \u00e0 nos besoins mais aussi de faire de l&rsquo;assistance utilisateur. lors de ma p\u00e9riode d&rsquo;entreprise j&rsquo;ai eu comme mission : De faire la migration de windows 10 \u00e0 windows 11 de tout les PC, de trouv\u00e9 une solutions de supervision pour nos mat\u00e9riels r\u00e9seau, de la gestion des ordinateurs et de l&rsquo;inventaires complets des ordinateurs (Savoir ceux qui sont disponible, ceux en r\u00e9paration ou ceux en Pi\u00e8ce d\u00e9tacher).<\/p>\n","protected":false},"author":1,"featured_media":0,"parent":112,"menu_order":0,"comment_status":"closed","ping_status":"closed","template":"elementor_canvas","meta":{"footnotes":""},"class_list":["post-141","page","type-page","status-publish","hentry"],"_links":{"self":[{"href":"https:\/\/fbesse.dev-campus.fr\/index.php?rest_route=\/wp\/v2\/pages\/141","targetHints":{"allow":["GET"]}}],"collection":[{"href":"https:\/\/fbesse.dev-campus.fr\/index.php?rest_route=\/wp\/v2\/pages"}],"about":[{"href":"https:\/\/fbesse.dev-campus.fr\/index.php?rest_route=\/wp\/v2\/types\/page"}],"author":[{"embeddable":true,"href":"https:\/\/fbesse.dev-campus.fr\/index.php?rest_route=\/wp\/v2\/users\/1"}],"replies":[{"embeddable":true,"href":"https:\/\/fbesse.dev-campus.fr\/index.php?rest_route=%2Fwp%2Fv2%2Fcomments&post=141"}],"version-history":[{"count":17,"href":"https:\/\/fbesse.dev-campus.fr\/index.php?rest_route=\/wp\/v2\/pages\/141\/revisions"}],"predecessor-version":[{"id":278,"href":"https:\/\/fbesse.dev-campus.fr\/index.php?rest_route=\/wp\/v2\/pages\/141\/revisions\/278"}],"up":[{"embeddable":true,"href":"https:\/\/fbesse.dev-campus.fr\/index.php?rest_route=\/wp\/v2\/pages\/112"}],"wp:attachment":[{"href":"https:\/\/fbesse.dev-campus.fr\/index.php?rest_route=%2Fwp%2Fv2%2Fmedia&parent=141"}],"curies":[{"name":"wp","href":"https:\/\/api.w.org\/{rel}","templated":true}]}}