{"id":159,"date":"2025-06-25T15:58:48","date_gmt":"2025-06-25T15:58:48","guid":{"rendered":"https:\/\/fbesse.dev-campus.fr\/?page_id=159"},"modified":"2025-07-01T05:58:08","modified_gmt":"2025-07-01T05:58:08","slug":"mes-projets","status":"publish","type":"page","link":"https:\/\/fbesse.dev-campus.fr\/?page_id=159","title":{"rendered":"Mes projets"},"content":{"rendered":"\t\t<div data-elementor-type=\"wp-page\" data-elementor-id=\"159\" class=\"elementor elementor-159\">\n\t\t\t\t<div class=\"elementor-element elementor-element-53bb6b9 e-flex e-con-boxed wpr-particle-no wpr-jarallax-no wpr-parallax-no wpr-sticky-section-no e-con e-parent\" data-id=\"53bb6b9\" data-element_type=\"container\" data-e-type=\"container\">\n\t\t\t\t\t<div class=\"e-con-inner\">\n\t\t<div class=\"elementor-element elementor-element-286aa6a e-con-full e-flex wpr-particle-no wpr-jarallax-no wpr-parallax-no wpr-sticky-section-no e-con e-child\" data-id=\"286aa6a\" data-element_type=\"container\" data-e-type=\"container\">\n\t\t<div class=\"elementor-element elementor-element-24b5044 e-con-full e-flex wpr-particle-no wpr-jarallax-no wpr-parallax-no wpr-sticky-section-no e-con e-child\" data-id=\"24b5044\" data-element_type=\"container\" data-e-type=\"container\">\n\t\t\t\t<div class=\"elementor-element elementor-element-96f3133 elementor-widget elementor-widget-heading\" data-id=\"96f3133\" data-element_type=\"widget\" data-e-type=\"widget\" data-widget_type=\"heading.default\">\n\t\t\t\t<div class=\"elementor-widget-container\">\n\t\t\t\t\t<h2 class=\"elementor-heading-title elementor-size-default\"><h3 style=\"margin-bottom: 0.5rem;font-family: Arial, sans-serif;font-weight: bold;font-size: 1.5rem\">Veille th\u00e9matique : S\u00e9curit\u00e9 des syst\u00e8mes d'information - Enjeux et contraintes de la cybers\u00e9curit\u00e9 en entreprise<span style=\"font-family: Roboto, sans-serif;font-size: 2rem\"><\/span><\/h3><\/h2>\t\t\t\t<\/div>\n\t\t\t\t<\/div>\n\t\t\t\t<div class=\"elementor-element elementor-element-4f23b1f elementor-widget elementor-widget-text-editor\" data-id=\"4f23b1f\" data-element_type=\"widget\" data-e-type=\"widget\" data-widget_type=\"text-editor.default\">\n\t\t\t\t<div class=\"elementor-widget-container\">\n\t\t\t\t\t\t\t\t\t<p>R\u00e9alis\u00e9 \u00e0 la CCI Campus Centre, cette veille th\u00e9matique parle d&rsquo;un sujet majeur pour les entreprises. En effet la cybers\u00e9curit\u00e9 est un thermes que l&rsquo;on entend \u00e9norm\u00e9ment sans connaitre vraiment son enjeux en entreprise et ce que cela leur apporte. Cliquez sur l&rsquo;image pouvoir la voir.<\/p>\t\t\t\t\t\t\t\t<\/div>\n\t\t\t\t<\/div>\n\t\t\t\t<\/div>\n\t\t<div class=\"elementor-element elementor-element-62bcbd7 e-con-full e-flex wpr-particle-no wpr-jarallax-no wpr-parallax-no wpr-sticky-section-no e-con e-child\" data-id=\"62bcbd7\" data-element_type=\"container\" data-e-type=\"container\">\n\t\t\t\t<div class=\"elementor-element elementor-element-d21857f elementor-widget elementor-widget-image\" data-id=\"d21857f\" data-element_type=\"widget\" data-e-type=\"widget\" data-widget_type=\"image.default\">\n\t\t\t\t<div class=\"elementor-widget-container\">\n\t\t\t\t\t\t\t\t\t\t\t\t\t\t\t\t<a href=\"https:\/\/fbesse.dev-campus.fr\/wp-content\/uploads\/2025\/06\/Veille-thematique-1-1.docx\">\n\t\t\t\t\t\t\t<img fetchpriority=\"high\" decoding=\"async\" width=\"721\" height=\"1024\" src=\"https:\/\/fbesse.dev-campus.fr\/wp-content\/uploads\/2025\/06\/Capture-decran-2025-06-30-a-16.06.45-721x1024.png\" class=\"attachment-large size-large wp-image-288\" alt=\"\" srcset=\"https:\/\/fbesse.dev-campus.fr\/wp-content\/uploads\/2025\/06\/Capture-decran-2025-06-30-a-16.06.45-721x1024.png 721w, https:\/\/fbesse.dev-campus.fr\/wp-content\/uploads\/2025\/06\/Capture-decran-2025-06-30-a-16.06.45-211x300.png 211w, https:\/\/fbesse.dev-campus.fr\/wp-content\/uploads\/2025\/06\/Capture-decran-2025-06-30-a-16.06.45-768x1090.png 768w, https:\/\/fbesse.dev-campus.fr\/wp-content\/uploads\/2025\/06\/Capture-decran-2025-06-30-a-16.06.45.png 868w\" sizes=\"(max-width: 721px) 100vw, 721px\" \/>\t\t\t\t\t\t\t\t<\/a>\n\t\t\t\t\t\t\t\t\t\t\t\t\t\t\t<\/div>\n\t\t\t\t<\/div>\n\t\t\t\t<div class=\"elementor-element elementor-element-2a1e3d3 elementor-widget elementor-widget-heading\" data-id=\"2a1e3d3\" data-element_type=\"widget\" data-e-type=\"widget\" data-widget_type=\"heading.default\">\n\t\t\t\t<div class=\"elementor-widget-container\">\n\t\t\t\t\t<h2 class=\"elementor-heading-title elementor-size-default\">Acc\u00e9der \u00e0 ma veille<\/h2>\t\t\t\t<\/div>\n\t\t\t\t<\/div>\n\t\t\t\t<\/div>\n\t\t\t\t<\/div>\n\t\t\t\t\t<\/div>\n\t\t\t\t<\/div>\n\t\t<div class=\"elementor-element elementor-element-0b6663e e-flex e-con-boxed wpr-particle-no wpr-jarallax-no wpr-parallax-no wpr-sticky-section-no e-con e-parent\" data-id=\"0b6663e\" data-element_type=\"container\" data-e-type=\"container\">\n\t\t\t\t\t<div class=\"e-con-inner\">\n\t\t<div class=\"elementor-element elementor-element-139cf2d e-con-full e-flex wpr-particle-no wpr-jarallax-no wpr-parallax-no wpr-sticky-section-no e-con e-child\" data-id=\"139cf2d\" data-element_type=\"container\" data-e-type=\"container\">\n\t\t<div class=\"elementor-element elementor-element-c739be3 e-con-full e-flex wpr-particle-no wpr-jarallax-no wpr-parallax-no wpr-sticky-section-no e-con e-child\" data-id=\"c739be3\" data-element_type=\"container\" data-e-type=\"container\">\n\t\t\t\t<div class=\"elementor-element elementor-element-732cc94 elementor-widget elementor-widget-image\" data-id=\"732cc94\" data-element_type=\"widget\" data-e-type=\"widget\" data-widget_type=\"image.default\">\n\t\t\t\t<div class=\"elementor-widget-container\">\n\t\t\t\t\t\t\t\t\t\t\t\t\t\t\t<img decoding=\"async\" width=\"300\" height=\"211\" src=\"https:\/\/fbesse.dev-campus.fr\/wp-content\/uploads\/2025\/06\/logo-Fil-Rouge.png\" class=\"attachment-large size-large wp-image-338\" alt=\"\" \/>\t\t\t\t\t\t\t\t\t\t\t\t\t\t\t<\/div>\n\t\t\t\t<\/div>\n\t\t\t\t<\/div>\n\t\t<div class=\"elementor-element elementor-element-1814161 e-con-full e-flex wpr-particle-no wpr-jarallax-no wpr-parallax-no wpr-sticky-section-no e-con e-child\" data-id=\"1814161\" data-element_type=\"container\" data-e-type=\"container\">\n\t\t\t\t<div class=\"elementor-element elementor-element-1b4540c elementor-widget elementor-widget-heading\" data-id=\"1b4540c\" data-element_type=\"widget\" data-e-type=\"widget\" data-widget_type=\"heading.default\">\n\t\t\t\t<div class=\"elementor-widget-container\">\n\t\t\t\t\t<h2 class=\"elementor-heading-title elementor-size-default\"><h3 style=\"margin-bottom: 0.5rem;font-family: Arial, sans-serif;font-weight: bold;font-size: 1.5rem\">Projet Fil Rouge<span style=\"font-family: Roboto, sans-serif;font-size: 2rem\"><\/span><\/h3><\/h2>\t\t\t\t<\/div>\n\t\t\t\t<\/div>\n\t\t\t\t<div class=\"elementor-element elementor-element-60695cc elementor-widget elementor-widget-text-editor\" data-id=\"60695cc\" data-element_type=\"widget\" data-e-type=\"widget\" data-widget_type=\"text-editor.default\">\n\t\t\t\t<div class=\"elementor-widget-container\">\n\t\t\t\t\t\t\t\t\t<p><span style=\"color: #1a1a1a; font-family: Arial, sans-serif; background-color: #f9f9f9;\">Dans le cadre de ma formation, j&rsquo;ai du r\u00e9aliser tout au long de l&rsquo;ann\u00e9e un SI virtuel en groupe (sur Open Nebula) demander par un client avec un cahier des charges donn\u00e9 petit \u00e0 petit tout au long de ma formation.<\/span><\/p>\t\t\t\t\t\t\t\t<\/div>\n\t\t\t\t<\/div>\n\t\t\t\t<\/div>\n\t\t\t\t<\/div>\n\t\t\t\t\t<\/div>\n\t\t\t\t<\/div>\n\t\t<div class=\"elementor-element elementor-element-ae47c80 e-flex e-con-boxed wpr-particle-no wpr-jarallax-no wpr-parallax-no wpr-sticky-section-no e-con e-parent\" data-id=\"ae47c80\" data-element_type=\"container\" data-e-type=\"container\">\n\t\t\t\t\t<div class=\"e-con-inner\">\n\t\t<div class=\"elementor-element elementor-element-6993b01 e-con-full e-flex wpr-particle-no wpr-jarallax-no wpr-parallax-no wpr-sticky-section-no e-con e-child\" data-id=\"6993b01\" data-element_type=\"container\" data-e-type=\"container\">\n\t\t<div class=\"elementor-element elementor-element-aacc9ed e-con-full e-flex wpr-particle-no wpr-jarallax-no wpr-parallax-no wpr-sticky-section-no e-con e-child\" data-id=\"aacc9ed\" data-element_type=\"container\" data-e-type=\"container\">\n\t\t\t\t<div class=\"elementor-element elementor-element-3d2f2ff elementor-widget elementor-widget-heading\" data-id=\"3d2f2ff\" data-element_type=\"widget\" data-e-type=\"widget\" data-widget_type=\"heading.default\">\n\t\t\t\t<div class=\"elementor-widget-container\">\n\t\t\t\t\t<h2 class=\"elementor-heading-title elementor-size-default\"><h3 style=\"margin-bottom: 0.5rem;font-family: Arial, sans-serif;font-weight: bold;font-size: 1.5rem\">Seraphin Paris<span style=\"font-family: Roboto, sans-serif;font-size: 2rem\"><\/span><\/h3><\/h2>\t\t\t\t<\/div>\n\t\t\t\t<\/div>\n\t\t\t\t<div class=\"elementor-element elementor-element-cf268cb elementor-widget elementor-widget-text-editor\" data-id=\"cf268cb\" data-element_type=\"widget\" data-e-type=\"widget\" data-widget_type=\"text-editor.default\">\n\t\t\t\t<div class=\"elementor-widget-container\">\n\t\t\t\t\t\t\t\t\t<p>Lors de mon BTS j&rsquo;ai eu comme projet de cr\u00e9er un site web d&rsquo;une chocolaterie sous la demande d&rsquo;un client (fictif) avec un cahier des charges \u00e0 respecter mais aussi plusieurs d\u00e9lais d&rsquo;\u00e9tapes \u00e0 respecter pour cr\u00e9er un site web qui satisfaisait la demande du client.<\/p>\t\t\t\t\t\t\t\t<\/div>\n\t\t\t\t<\/div>\n\t\t\t\t<\/div>\n\t\t<div class=\"elementor-element elementor-element-221543a e-con-full e-flex wpr-particle-no wpr-jarallax-no wpr-parallax-no wpr-sticky-section-no e-con e-child\" data-id=\"221543a\" data-element_type=\"container\" data-e-type=\"container\">\n\t\t\t\t<div class=\"elementor-element elementor-element-d3c1de7 elementor-widget elementor-widget-image\" data-id=\"d3c1de7\" data-element_type=\"widget\" data-e-type=\"widget\" data-widget_type=\"image.default\">\n\t\t\t\t<div class=\"elementor-widget-container\">\n\t\t\t\t\t\t\t\t\t\t\t\t\t\t\t\t<a href=\"https:\/\/seraphinparis.fbesse.dev-campus.fr\">\n\t\t\t\t\t\t\t<img decoding=\"async\" width=\"960\" height=\"381\" src=\"https:\/\/fbesse.dev-campus.fr\/wp-content\/uploads\/2025\/06\/Capture-decran-2025-06-30-a-18.16.06-1024x406.png\" class=\"attachment-large size-large wp-image-320\" alt=\"\" srcset=\"https:\/\/fbesse.dev-campus.fr\/wp-content\/uploads\/2025\/06\/Capture-decran-2025-06-30-a-18.16.06-1024x406.png 1024w, https:\/\/fbesse.dev-campus.fr\/wp-content\/uploads\/2025\/06\/Capture-decran-2025-06-30-a-18.16.06-300x119.png 300w, https:\/\/fbesse.dev-campus.fr\/wp-content\/uploads\/2025\/06\/Capture-decran-2025-06-30-a-18.16.06-768x304.png 768w, https:\/\/fbesse.dev-campus.fr\/wp-content\/uploads\/2025\/06\/Capture-decran-2025-06-30-a-18.16.06-1536x609.png 1536w, https:\/\/fbesse.dev-campus.fr\/wp-content\/uploads\/2025\/06\/Capture-decran-2025-06-30-a-18.16.06-2048x811.png 2048w\" sizes=\"(max-width: 960px) 100vw, 960px\" \/>\t\t\t\t\t\t\t\t<\/a>\n\t\t\t\t\t\t\t\t\t\t\t\t\t\t\t<\/div>\n\t\t\t\t<\/div>\n\t\t\t\t<div class=\"elementor-element elementor-element-eff8e03 elementor-widget elementor-widget-heading\" data-id=\"eff8e03\" data-element_type=\"widget\" data-e-type=\"widget\" data-widget_type=\"heading.default\">\n\t\t\t\t<div class=\"elementor-widget-container\">\n\t\t\t\t\t<h2 class=\"elementor-heading-title elementor-size-default\">Voir le site <\/h2>\t\t\t\t<\/div>\n\t\t\t\t<\/div>\n\t\t\t\t<\/div>\n\t\t\t\t<\/div>\n\t\t\t\t\t<\/div>\n\t\t\t\t<\/div>\n\t\t<div class=\"elementor-element elementor-element-40278a0 e-flex e-con-boxed wpr-particle-no wpr-jarallax-no wpr-parallax-no wpr-sticky-section-no e-con e-parent\" data-id=\"40278a0\" data-element_type=\"container\" data-e-type=\"container\">\n\t\t\t\t\t<div class=\"e-con-inner\">\n\t\t<div class=\"elementor-element elementor-element-8d71ba6 e-con-full e-flex wpr-particle-no wpr-jarallax-no wpr-parallax-no wpr-sticky-section-no e-con e-child\" data-id=\"8d71ba6\" data-element_type=\"container\" data-e-type=\"container\">\n\t\t<div class=\"elementor-element elementor-element-5cd0a22 e-con-full e-flex wpr-particle-no wpr-jarallax-no wpr-parallax-no wpr-sticky-section-no e-con e-child\" data-id=\"5cd0a22\" data-element_type=\"container\" data-e-type=\"container\">\n\t\t\t\t<div class=\"elementor-element elementor-element-33f9718 elementor-widget elementor-widget-image\" data-id=\"33f9718\" data-element_type=\"widget\" data-e-type=\"widget\" data-widget_type=\"image.default\">\n\t\t\t\t<div class=\"elementor-widget-container\">\n\t\t\t\t\t\t\t\t\t\t\t\t\t\t\t\t<a href=\"https:\/\/fbesse.dev-campus.fr\/wp-content\/uploads\/2025\/06\/AVantage2Bet2Binnovation-avec20compression.pdf\">\n\t\t\t\t\t\t\t<img decoding=\"async\" src=\"https:\/\/fbesse.dev-campus.fr\/wp-content\/uploads\/2025\/06\/Capture-decran-2025-06-30-a-15.20.12.png\" class=\"attachment-full size-full wp-image-283\" alt=\"\" \/>\t\t\t\t\t\t\t\t<\/a>\n\t\t\t\t\t\t\t\t\t\t\t\t\t\t\t<\/div>\n\t\t\t\t<\/div>\n\t\t\t\t<div class=\"elementor-element elementor-element-2c09a28 elementor-widget elementor-widget-heading\" data-id=\"2c09a28\" data-element_type=\"widget\" data-e-type=\"widget\" data-widget_type=\"heading.default\">\n\t\t\t\t<div class=\"elementor-widget-container\">\n\t\t\t\t\t<h2 class=\"elementor-heading-title elementor-size-default\">Acc\u00e9der au projet<\/h2>\t\t\t\t<\/div>\n\t\t\t\t<\/div>\n\t\t\t\t<\/div>\n\t\t<div class=\"elementor-element elementor-element-393ce9e e-con-full e-flex wpr-particle-no wpr-jarallax-no wpr-parallax-no wpr-sticky-section-no e-con e-child\" data-id=\"393ce9e\" data-element_type=\"container\" data-e-type=\"container\">\n\t\t\t\t<div class=\"elementor-element elementor-element-e43ec8a elementor-widget elementor-widget-heading\" data-id=\"e43ec8a\" data-element_type=\"widget\" data-e-type=\"widget\" data-widget_type=\"heading.default\">\n\t\t\t\t<div class=\"elementor-widget-container\">\n\t\t\t\t\t<h2 class=\"elementor-heading-title elementor-size-default\"><h3 style=\"margin-bottom: 0.5rem;font-family: Arial, sans-serif;font-weight: bold;font-size: 1.5rem\">Veille th\u00e9matique : Avantages et innovations des ibm power systems dans les environnements cloud<span style=\"font-family: Roboto, sans-serif;font-size: 2rem\"><\/span><\/h3><\/h2>\t\t\t\t<\/div>\n\t\t\t\t<\/div>\n\t\t\t\t<div class=\"elementor-element elementor-element-aa38d4e elementor-widget elementor-widget-text-editor\" data-id=\"aa38d4e\" data-element_type=\"widget\" data-e-type=\"widget\" data-widget_type=\"text-editor.default\">\n\t\t\t\t<div class=\"elementor-widget-container\">\n\t\t\t\t\t\t\t\t\t<p>Dans le cadre de mon BTS j&rsquo;ai eu comme mission de devoir cr\u00e9er enti\u00e8rement de A \u00e0 Z un Parc Informatique document\u00e9 et fonctionnel pour un centre de formation ayant 2 sites, pour cela j&rsquo;ai eu un cahier des charges \u00e0 suivre donner par le client ayant eu un \u00e9tat des lieux du SI pour pouvoir savoir sur quel axe commenc\u00e9 en priorit\u00e9.<\/p>\t\t\t\t\t\t\t\t<\/div>\n\t\t\t\t<\/div>\n\t\t\t\t<\/div>\n\t\t\t\t<\/div>\n\t\t\t\t\t<\/div>\n\t\t\t\t<\/div>\n\t\t<div class=\"elementor-element elementor-element-93446cd e-flex e-con-boxed wpr-particle-no wpr-jarallax-no wpr-parallax-no wpr-sticky-section-no e-con e-parent\" data-id=\"93446cd\" data-element_type=\"container\" data-e-type=\"container\">\n\t\t\t\t\t<div class=\"e-con-inner\">\n\t\t<div class=\"elementor-element elementor-element-109e670 e-con-full e-flex wpr-particle-no wpr-jarallax-no wpr-parallax-no wpr-sticky-section-no e-con e-child\" data-id=\"109e670\" data-element_type=\"container\" data-e-type=\"container\">\n\t\t<div class=\"elementor-element elementor-element-2f2cd3d e-con-full e-flex wpr-particle-no wpr-jarallax-no wpr-parallax-no wpr-sticky-section-no e-con e-child\" data-id=\"2f2cd3d\" data-element_type=\"container\" data-e-type=\"container\">\n\t\t\t\t<div class=\"elementor-element elementor-element-39e66d9 elementor-widget elementor-widget-heading\" data-id=\"39e66d9\" data-element_type=\"widget\" data-e-type=\"widget\" data-widget_type=\"heading.default\">\n\t\t\t\t<div class=\"elementor-widget-container\">\n\t\t\t\t\t<h2 class=\"elementor-heading-title elementor-size-default\"><h3 style=\"margin-bottom: 0.5rem;font-family: Arial, sans-serif;font-weight: bold;font-size: 1.5rem\">Projet Centre-Info<span style=\"font-family: Roboto, sans-serif;font-size: 2rem\"><\/span><\/h3><\/h2>\t\t\t\t<\/div>\n\t\t\t\t<\/div>\n\t\t\t\t<div class=\"elementor-element elementor-element-06f8e4a elementor-widget elementor-widget-text-editor\" data-id=\"06f8e4a\" data-element_type=\"widget\" data-e-type=\"widget\" data-widget_type=\"text-editor.default\">\n\t\t\t\t<div class=\"elementor-widget-container\">\n\t\t\t\t\t\t\t\t\t<p>Dans le cadre de mon BTS j&rsquo;ai eu comme mission de devoir cr\u00e9er enti\u00e8rement de A \u00e0 Z un Parc Informatique document\u00e9 et fonctionnel pour un centre de formation ayant 2 sites, pour cela j&rsquo;ai eu un cahier des charges \u00e0 suivre donner par le client ayant eu un \u00e9tat des lieux du SI pour pouvoir savoir sur quel axe commenc\u00e9 en priorit\u00e9.<\/p>\t\t\t\t\t\t\t\t<\/div>\n\t\t\t\t<\/div>\n\t\t\t\t<\/div>\n\t\t<div class=\"elementor-element elementor-element-941dc1d e-con-full e-flex wpr-particle-no wpr-jarallax-no wpr-parallax-no wpr-sticky-section-no e-con e-child\" data-id=\"941dc1d\" data-element_type=\"container\" data-e-type=\"container\">\n\t\t\t\t<div class=\"elementor-element elementor-element-cfa3e73 elementor-widget elementor-widget-image\" data-id=\"cfa3e73\" data-element_type=\"widget\" data-e-type=\"widget\" data-widget_type=\"image.default\">\n\t\t\t\t<div class=\"elementor-widget-container\">\n\t\t\t\t\t\t\t\t\t\t\t\t\t\t\t\t<a href=\"https:\/\/fbesse.dev-campus.fr\/wp-content\/uploads\/2025\/06\/Presentation2.pptx\">\n\t\t\t\t\t\t\t<img loading=\"lazy\" decoding=\"async\" width=\"1514\" height=\"856\" src=\"https:\/\/fbesse.dev-campus.fr\/wp-content\/uploads\/2025\/06\/Capture-decran-2025-06-30-a-16.03.31.png\" class=\"attachment-full size-full wp-image-286\" alt=\"\" srcset=\"https:\/\/fbesse.dev-campus.fr\/wp-content\/uploads\/2025\/06\/Capture-decran-2025-06-30-a-16.03.31.png 1514w, https:\/\/fbesse.dev-campus.fr\/wp-content\/uploads\/2025\/06\/Capture-decran-2025-06-30-a-16.03.31-300x170.png 300w, https:\/\/fbesse.dev-campus.fr\/wp-content\/uploads\/2025\/06\/Capture-decran-2025-06-30-a-16.03.31-1024x579.png 1024w, https:\/\/fbesse.dev-campus.fr\/wp-content\/uploads\/2025\/06\/Capture-decran-2025-06-30-a-16.03.31-768x434.png 768w\" sizes=\"(max-width: 1514px) 100vw, 1514px\" \/>\t\t\t\t\t\t\t\t<\/a>\n\t\t\t\t\t\t\t\t\t\t\t\t\t\t\t<\/div>\n\t\t\t\t<\/div>\n\t\t\t\t<div class=\"elementor-element elementor-element-f1086ef elementor-widget elementor-widget-heading\" data-id=\"f1086ef\" data-element_type=\"widget\" data-e-type=\"widget\" data-widget_type=\"heading.default\">\n\t\t\t\t<div class=\"elementor-widget-container\">\n\t\t\t\t\t<h2 class=\"elementor-heading-title elementor-size-default\">Acc\u00e9der au projet<\/h2>\t\t\t\t<\/div>\n\t\t\t\t<\/div>\n\t\t\t\t<\/div>\n\t\t\t\t<\/div>\n\t\t\t\t\t<\/div>\n\t\t\t\t<\/div>\n\t\t<div class=\"elementor-element elementor-element-1c17779 e-flex e-con-boxed wpr-particle-no wpr-jarallax-no wpr-parallax-no wpr-sticky-section-no e-con e-parent\" data-id=\"1c17779\" data-element_type=\"container\" data-e-type=\"container\">\n\t\t\t\t\t<div class=\"e-con-inner\">\n\t\t<div class=\"elementor-element elementor-element-d19d58d e-con-full e-flex wpr-particle-no wpr-jarallax-no wpr-parallax-no wpr-sticky-section-no e-con e-child\" data-id=\"d19d58d\" data-element_type=\"container\" data-e-type=\"container\">\n\t\t<div class=\"elementor-element elementor-element-9376036 e-con-full e-flex wpr-particle-no wpr-jarallax-no wpr-parallax-no wpr-sticky-section-no e-con e-child\" data-id=\"9376036\" data-element_type=\"container\" data-e-type=\"container\">\n\t\t\t\t<div class=\"elementor-element elementor-element-3a4d5bd elementor-widget elementor-widget-image\" data-id=\"3a4d5bd\" data-element_type=\"widget\" data-e-type=\"widget\" data-widget_type=\"image.default\">\n\t\t\t\t<div class=\"elementor-widget-container\">\n\t\t\t\t\t\t\t\t\t\t\t\t\t\t\t<img loading=\"lazy\" decoding=\"async\" width=\"150\" height=\"150\" src=\"https:\/\/fbesse.dev-campus.fr\/wp-content\/uploads\/2025\/06\/travaux.png\" class=\"attachment-large size-large wp-image-331\" alt=\"\" \/>\t\t\t\t\t\t\t\t\t\t\t\t\t\t\t<\/div>\n\t\t\t\t<\/div>\n\t\t\t\t<div class=\"elementor-element elementor-element-7f09ad0 elementor-widget elementor-widget-heading\" data-id=\"7f09ad0\" data-element_type=\"widget\" data-e-type=\"widget\" data-widget_type=\"heading.default\">\n\t\t\t\t<div class=\"elementor-widget-container\">\n\t\t\t\t\t<h2 class=\"elementor-heading-title elementor-size-default\">La Newsletter arrive bient\u00f4t !<\/h2>\t\t\t\t<\/div>\n\t\t\t\t<\/div>\n\t\t\t\t<\/div>\n\t\t<div class=\"elementor-element elementor-element-331b3b8 e-con-full e-flex wpr-particle-no wpr-jarallax-no wpr-parallax-no wpr-sticky-section-no e-con e-child\" data-id=\"331b3b8\" data-element_type=\"container\" data-e-type=\"container\">\n\t\t\t\t<div class=\"elementor-element elementor-element-3460784 elementor-widget-tablet__width-initial elementor-widget elementor-widget-heading\" data-id=\"3460784\" data-element_type=\"widget\" data-e-type=\"widget\" data-widget_type=\"heading.default\">\n\t\t\t\t<div class=\"elementor-widget-container\">\n\t\t\t\t\t<h2 class=\"elementor-heading-title elementor-size-default\"><h3 style=\"margin-bottom: 0.5rem;font-family: Arial, sans-serif;font-weight: bold;font-size: 1.5rem\">Veille th\u00e9matique : Adaptation des m\u00e9thodes de pentesting aux nouvelles d\u00e9fenses en cybers\u00e9curit\u00e9 renforc\u00e9es par l\u2019intelligence artificielle.<span style=\"font-family: Roboto, sans-serif;font-size: 2rem\"><\/span><\/h3><\/h2>\t\t\t\t<\/div>\n\t\t\t\t<\/div>\n\t\t\t\t<div class=\"elementor-element elementor-element-2b07dc9 elementor-widget elementor-widget-text-editor\" data-id=\"2b07dc9\" data-element_type=\"widget\" data-e-type=\"widget\" data-widget_type=\"text-editor.default\">\n\t\t\t\t<div class=\"elementor-widget-container\">\n\t\t\t\t\t\t\t\t\t<p>Suite \u00e0 l&rsquo;\u00e9volution exponentielle des IA, les m\u00e9thodes traditionnelles de pentesting (tests d\u2019intrusion) doivent s\u2019adapter.<\/p>\t\t\t\t\t\t\t\t<\/div>\n\t\t\t\t<\/div>\n\t\t\t\t<\/div>\n\t\t\t\t<\/div>\n\t\t\t\t\t<\/div>\n\t\t\t\t<\/div>\n\t\t\t\t<\/div>\n\t\t","protected":false},"excerpt":{"rendered":"<p>Veille th\u00e9matique : S\u00e9curit\u00e9 des syst\u00e8mes d&rsquo;information &#8211; Enjeux et contraintes de la cybers\u00e9curit\u00e9 en entreprise R\u00e9alis\u00e9 \u00e0 la CCI Campus Centre, cette veille th\u00e9matique parle d&rsquo;un sujet majeur pour les entreprises. En effet la cybers\u00e9curit\u00e9 est un thermes que l&rsquo;on entend \u00e9norm\u00e9ment sans connaitre vraiment son enjeux en entreprise et ce que cela leur apporte. Cliquez sur l&rsquo;image pouvoir la voir. Acc\u00e9der \u00e0 ma veille Projet Fil Rouge Dans le cadre de ma formation, j&rsquo;ai du r\u00e9aliser tout au long de l&rsquo;ann\u00e9e un SI virtuel en groupe (sur Open Nebula) demander par un client avec un cahier des charges donn\u00e9 petit \u00e0 petit tout au long de ma formation. Seraphin Paris Lors de mon BTS j&rsquo;ai eu comme projet de cr\u00e9er un site web d&rsquo;une chocolaterie sous la demande d&rsquo;un client (fictif) avec un cahier des charges \u00e0 respecter mais aussi plusieurs d\u00e9lais d&rsquo;\u00e9tapes \u00e0 respecter pour cr\u00e9er un site web qui satisfaisait la demande du client. Voir le site Acc\u00e9der au projet Veille th\u00e9matique : Avantages et innovations des ibm power systems dans les environnements cloud Dans le cadre de mon BTS j&rsquo;ai eu comme mission de devoir cr\u00e9er enti\u00e8rement de A \u00e0 Z un Parc Informatique document\u00e9 et fonctionnel pour un centre de formation ayant 2 sites, pour cela j&rsquo;ai eu un cahier des charges \u00e0 suivre donner par le client ayant eu un \u00e9tat des lieux du SI pour pouvoir savoir sur quel axe commenc\u00e9 en priorit\u00e9. Projet Centre-Info Dans le cadre de mon BTS j&rsquo;ai eu comme mission de devoir cr\u00e9er enti\u00e8rement de A \u00e0 Z un Parc Informatique document\u00e9 et fonctionnel pour un centre de formation ayant 2 sites, pour cela j&rsquo;ai eu un cahier des charges \u00e0 suivre donner par le client ayant eu un \u00e9tat des lieux du SI pour pouvoir savoir sur quel axe commenc\u00e9 en priorit\u00e9. Acc\u00e9der au projet La Newsletter arrive bient\u00f4t ! Veille th\u00e9matique : Adaptation des m\u00e9thodes de pentesting aux nouvelles d\u00e9fenses en cybers\u00e9curit\u00e9 renforc\u00e9es par l\u2019intelligence artificielle. Suite \u00e0 l&rsquo;\u00e9volution exponentielle des IA, les m\u00e9thodes traditionnelles de pentesting (tests d\u2019intrusion) doivent s\u2019adapter.<\/p>\n","protected":false},"author":1,"featured_media":0,"parent":112,"menu_order":0,"comment_status":"closed","ping_status":"closed","template":"elementor_canvas","meta":{"footnotes":""},"class_list":["post-159","page","type-page","status-publish","hentry"],"_links":{"self":[{"href":"https:\/\/fbesse.dev-campus.fr\/index.php?rest_route=\/wp\/v2\/pages\/159","targetHints":{"allow":["GET"]}}],"collection":[{"href":"https:\/\/fbesse.dev-campus.fr\/index.php?rest_route=\/wp\/v2\/pages"}],"about":[{"href":"https:\/\/fbesse.dev-campus.fr\/index.php?rest_route=\/wp\/v2\/types\/page"}],"author":[{"embeddable":true,"href":"https:\/\/fbesse.dev-campus.fr\/index.php?rest_route=\/wp\/v2\/users\/1"}],"replies":[{"embeddable":true,"href":"https:\/\/fbesse.dev-campus.fr\/index.php?rest_route=%2Fwp%2Fv2%2Fcomments&post=159"}],"version-history":[{"count":56,"href":"https:\/\/fbesse.dev-campus.fr\/index.php?rest_route=\/wp\/v2\/pages\/159\/revisions"}],"predecessor-version":[{"id":381,"href":"https:\/\/fbesse.dev-campus.fr\/index.php?rest_route=\/wp\/v2\/pages\/159\/revisions\/381"}],"up":[{"embeddable":true,"href":"https:\/\/fbesse.dev-campus.fr\/index.php?rest_route=\/wp\/v2\/pages\/112"}],"wp:attachment":[{"href":"https:\/\/fbesse.dev-campus.fr\/index.php?rest_route=%2Fwp%2Fv2%2Fmedia&parent=159"}],"curies":[{"name":"wp","href":"https:\/\/api.w.org\/{rel}","templated":true}]}}